{"id":68,"date":"2021-08-21T16:15:31","date_gmt":"2021-08-21T16:15:31","guid":{"rendered":"http:\/\/breathandgrowth.com\/?page_id=68"},"modified":"2021-10-12T15:27:52","modified_gmt":"2021-10-12T15:27:52","slug":"quienes-somos","status":"publish","type":"page","link":"https:\/\/breathandgrowth.com\/index.php\/quienes-somos\/","title":{"rendered":"Quienes somos"},"content":{"rendered":"<p>[et_pb_section fb_built=\u00bb1&#8243; custom_padding_last_edited=\u00bbon|desktop\u00bb next_background_color=\u00bb#ffffff\u00bb admin_label=\u00bbHeader\u00bb _builder_version=\u00bb4.9.10&#8243; use_background_color_gradient=\u00bbon\u00bb background_color_gradient_start=\u00bb#340ae5&#8243; background_color_gradient_end=\u00bb#6852ef\u00bb background_color_gradient_direction=\u00bb130deg\u00bb background_color_gradient_start_position=\u00bb25%\u00bb background_image=\u00bbhttp:\/\/breathandgrowth.com\/wp-content\/uploads\/2021\/07\/PatternFondo.png\u00bb parallax=\u00bbon\u00bb custom_margin=\u00bb||70px|||\u00bb custom_padding=\u00bb7vw||10vw||false|false\u00bb custom_padding_tablet=\u00bb100px||100px||true\u00bb custom_padding_phone=\u00bb||||true\u00bb bottom_divider_style=\u00bbramp2&#8243; bottom_divider_height=\u00bb250px\u00bb bottom_divider_flip=\u00bbhorizontal\u00bb bottom_divider_height_tablet=\u00bb150px\u00bb bottom_divider_height_phone=\u00bb110px\u00bb bottom_divider_height_last_edited=\u00bbon|phone\u00bb saved_tabs=\u00bball\u00bb][et_pb_row _builder_version=\u00bb3.25&#8243;][et_pb_column type=\u00bb4_4&#8243; _builder_version=\u00bb3.25&#8243; custom_padding=\u00bb|||\u00bb custom_padding__hover=\u00bb|||\u00bb][et_pb_text _builder_version=\u00bb4.9.10&#8243; text_font=\u00bbRoboto||||||||\u00bb text_font_size=\u00bb16px\u00bb text_line_height=\u00bb1.8em\u00bb header_font=\u00bbRoboto|700|||||||\u00bb header_text_align=\u00bbcenter\u00bb header_font_size=\u00bb80px\u00bb header_line_height=\u00bb1.2em\u00bb header_3_font=\u00bbRoboto|700||on|||||\u00bb header_3_text_align=\u00bbcenter\u00bb header_3_text_color=\u00bb#ffffff\u00bb header_3_font_size=\u00bb24px\u00bb header_3_letter_spacing=\u00bb10px\u00bb header_3_line_height=\u00bb2em\u00bb text_orientation=\u00bbcenter\u00bb background_layout=\u00bbdark\u00bb module_alignment=\u00bbcenter\u00bb text_font_size_last_edited=\u00bboff|desktop\u00bb header_font_size_tablet=\u00bb40px\u00bb header_font_size_phone=\u00bb32px\u00bb header_font_size_last_edited=\u00bbon|phone\u00bb header_3_font_size_tablet=\u00bb16px\u00bb header_3_font_size_phone=\u00bb14px\u00bb header_3_font_size_last_edited=\u00bbon|phone\u00bb header_3_letter_spacing_tablet=\u00bb5px\u00bb header_3_letter_spacing_phone=\u00bb\u00bb header_3_letter_spacing_last_edited=\u00bbon|tablet\u00bb]<\/p>\n<h1>Los tres pilares<\/h1>\n<h3>de B&amp;G<\/h3>\n<p>[\/et_pb_text][\/et_pb_column][\/et_pb_row][\/et_pb_section][et_pb_section fb_built=\u00bb1&#8243; admin_label=\u00bbGet Started\u00bb _builder_version=\u00bb3.22&#8243; custom_margin=\u00bb||62px|||\u00bb custom_padding=\u00bb0px||0px||false|false\u00bb saved_tabs=\u00bball\u00bb][et_pb_row column_structure=\u00bb1_3,1_3,1_3&#8243; use_custom_gutter=\u00bbon\u00bb gutter_width=\u00bb2&#8243; _builder_version=\u00bb4.9.10&#8243; max_width=\u00bb1700px\u00bb min_height=\u00bb500px\u00bb height=\u00bb700px\u00bb custom_margin=\u00bb||||false|false\u00bb custom_padding=\u00bb0px||0px||false|false\u00bb use_custom_width=\u00bbon\u00bb custom_width_px=\u00bb1700px\u00bb][et_pb_column type=\u00bb1_3&#8243; _builder_version=\u00bb3.25&#8243; custom_padding=\u00bb|||\u00bb custom_padding__hover=\u00bb|||\u00bb][et_pb_text _builder_version=\u00bb4.9.10&#8243; text_font=\u00bb||||||||\u00bb text_font_size=\u00bb16px\u00bb text_line_height=\u00bb1.8em\u00bb ul_font=\u00bb||||||||\u00bb header_font=\u00bb||||||||\u00bb header_font_size=\u00bb29px\u00bb header_2_font=\u00bbRoboto|700|||||||\u00bb header_2_font_size=\u00bb45px\u00bb header_2_line_height=\u00bb1.2em\u00bb header_3_font=\u00bb||||||||\u00bb max_width=\u00bb800px\u00bb max_width_last_edited=\u00bboff|desktop\u00bb module_alignment=\u00bbcenter\u00bb height=\u00bb476px\u00bb max_height_tablet=\u00bb\u00bb max_height_phone=\u00bb\u00bb max_height_last_edited=\u00bbon|phone\u00bb custom_margin=\u00bb0px|0px|0px|0px|true|true\u00bb custom_padding=\u00bb28px|27px|160px|27px|false|true\u00bb header_2_font_size_tablet=\u00bb35px\u00bb header_2_font_size_phone=\u00bb28px\u00bb header_2_font_size_last_edited=\u00bbon|desktop\u00bb border_radii=\u00bbon|7px|7px|7px|7px\u00bb box_shadow_style=\u00bbpreset3&#8243; box_shadow_horizontal=\u00bb2px\u00bb box_shadow_blur=\u00bb21px\u00bb]<\/p>\n<h3 class=\"p1\"><span class=\"s1\"><b>Situaci\u00f3n empresarial con la<span class=\"Apple-converted-space\">\u00a0 <\/span>creaci\u00f3n<span class=\"Apple-converted-space\">\u00a0 <\/span>y<span class=\"Apple-converted-space\">\u00a0 <\/span>crecimiento<span class=\"Apple-converted-space\">\u00a0<\/span><\/b><\/span><span class=\"s1\"><b>de startups.<\/b><\/span><\/h3>\n<p><span class=\"s1\">El mundo no para de cambiar y en medio de un mundo con grandes multinacionales, nacen peque\u00f1as empresas con grandes retos. Creemos firmemente que podemos contribuir en ellas. Hay oportunidades empresariales y<span class=\"Apple-converted-space\">\u00a0 <\/span>de mercado y pensamos que es buen momento para construir e invertir.<\/span><\/p>\n<p>[\/et_pb_text][\/et_pb_column][et_pb_column type=\u00bb1_3&#8243; _builder_version=\u00bb3.25&#8243; custom_padding=\u00bb|||\u00bb custom_padding__hover=\u00bb|||\u00bb][et_pb_text _builder_version=\u00bb4.9.10&#8243; _module_preset=\u00bbdefault\u00bb text_font=\u00bb||||||||\u00bb text_font_size=\u00bb16px\u00bb text_line_height=\u00bb1.8em\u00bb ul_font=\u00bb||||||||\u00bb header_font=\u00bb||||||||\u00bb header_font_size=\u00bb29px\u00bb header_2_font=\u00bbRoboto|700|||||||\u00bb header_2_font_size=\u00bb45px\u00bb header_2_line_height=\u00bb1.2em\u00bb header_3_font=\u00bb||||||||\u00bb max_width=\u00bb800px\u00bb module_alignment=\u00bbcenter\u00bb height=\u00bb481px\u00bb height_tablet=\u00bb\u00bb height_phone=\u00bb609px\u00bb height_last_edited=\u00bbon|phone\u00bb custom_margin=\u00bb0px|0px|0px|0px|true|true\u00bb custom_padding=\u00bb26px|27px|26px|27px|true|true\u00bb header_2_font_size_tablet=\u00bb35px\u00bb header_2_font_size_phone=\u00bb28px\u00bb header_2_font_size_last_edited=\u00bbon|desktop\u00bb border_radii=\u00bbon|7px|7px|7px|7px\u00bb box_shadow_style=\u00bbpreset3&#8243; box_shadow_horizontal=\u00bb2px\u00bb box_shadow_blur=\u00bb21px\u00bb]<\/p>\n<h3 class=\"p1\"><span class=\"s1\"><b>Make a change. Cambio positivo en el mundo, una huella positiva en la sociedad.<\/b><\/span><\/h3>\n<p><span class=\"s2\">B&amp;G Capital, nace desde la m\u00e1s pura vocaci\u00f3n emprendedora para impulsar y apoyar a empresas y personas que empiezan y necesitan capital, que sean capaces de generar riqueza y valores a la sociedad. <\/span><\/p>\n<p><strong><span class=\"s2\">La Esencia de <span class=\"Apple-converted-space\">\u00a0<\/span>B&amp;G<\/span><\/strong><\/p>\n<ul>\n<li class=\"li2\"><span class=\"s3\"><\/span><span class=\"s2\">Colaborar en el cambio y crecimiento empresarial.<\/span><\/li>\n<li class=\"li2\"><span class=\"s3\"><\/span><span class=\"s2\">Generar riqueza.<\/span><\/li>\n<li class=\"li2\"><span class=\"s3\"><\/span><span class=\"s2\">Ayudar a un cambio social responsable.<\/span><\/li>\n<\/ul>\n<p>[\/et_pb_text][\/et_pb_column][et_pb_column type=\u00bb1_3&#8243; _builder_version=\u00bb3.25&#8243; custom_padding=\u00bb|||\u00bb custom_padding__hover=\u00bb|||\u00bb][et_pb_text _builder_version=\u00bb4.9.10&#8243; _module_preset=\u00bbdefault\u00bb text_font=\u00bb||||||||\u00bb text_font_size=\u00bb16px\u00bb text_line_height=\u00bb1.8em\u00bb ul_font=\u00bb||||||||\u00bb header_font=\u00bb||||||||\u00bb header_font_size=\u00bb29px\u00bb header_2_font=\u00bbRoboto|700|||||||\u00bb header_2_font_size=\u00bb45px\u00bb header_2_line_height=\u00bb1.2em\u00bb header_3_font=\u00bb||||||||\u00bb transform_translate_linked=\u00bboff\u00bb max_width=\u00bb800px\u00bb module_alignment=\u00bbcenter\u00bb custom_margin=\u00bb0px|0px|0px|0px|true|true\u00bb custom_padding=\u00bb24px|33px|282px|33px|false|true\u00bb hover_enabled=\u00bb0&#8243; header_2_font_size_tablet=\u00bb35px\u00bb header_2_font_size_phone=\u00bb28px\u00bb header_2_font_size_last_edited=\u00bbon|desktop\u00bb border_radii=\u00bbon|7px|7px|7px|7px\u00bb box_shadow_style=\u00bbpreset3&#8243; box_shadow_horizontal=\u00bb2px\u00bb box_shadow_blur=\u00bb21px\u00bb sticky_enabled=\u00bb0&#8243;]<\/p>\n<h3 class=\"p1\"><span class=\"s1\"><b>Nuestra aportaci\u00f3n<\/b><\/span><\/h3>\n<p class=\"p1\"><span class=\"s2\">C<\/span><span class=\"s2\">ontactos y apoyo profesional.<\/span><\/p>\n<p class=\"p1\"><span class=\"s2\"><span class=\"Apple-tab-span\"> <\/span><span class=\"Apple-tab-span\"> <\/span>Financiaci\u00f3n y capital.<\/span><\/p>\n<p class=\"p2\"><span class=\"s2\">Experiencia y know how en <\/span><span class=\"s2\">m\u00faltiples sectores.<\/span><\/p>\n<p>[\/et_pb_text][et_pb_image src=\u00bbhttp:\/\/breathandgrowth.com\/wp-content\/uploads\/2021\/09\/Make.png\u00bb title_text=\u00bbMake\u00bb _builder_version=\u00bb4.9.10&#8243; _module_preset=\u00bbdefault\u00bb transform_scale=\u00bb69%|69%\u00bb transform_translate=\u00bb0px|-398px\u00bb transform_translate_linked=\u00bboff\u00bb][\/et_pb_image][\/et_pb_column][\/et_pb_row][et_pb_row column_structure=\u00bb1_2,1_2&#8243; _builder_version=\u00bb4.9.10&#8243; _module_preset=\u00bbdefault\u00bb][et_pb_column type=\u00bb1_2&#8243; _builder_version=\u00bb4.9.10&#8243; _module_preset=\u00bbdefault\u00bb][et_pb_image src=\u00bbhttp:\/\/breathandgrowth.com\/wp-content\/uploads\/2021\/08\/Business-competition-bro-1024&#215;1024.png\u00bb title_text=\u00bbBusiness competition-bro\u00bb align=\u00bbcenter\u00bb _builder_version=\u00bb4.9.10&#8243; _module_preset=\u00bbdefault\u00bb max_height=\u00bb399px\u00bb][\/et_pb_image][\/et_pb_column][et_pb_column type=\u00bb1_2&#8243; _builder_version=\u00bb4.9.10&#8243; _module_preset=\u00bbdefault\u00bb][et_pb_text _builder_version=\u00bb4.9.10&#8243; _module_preset=\u00bbdefault\u00bb text_font_size=\u00bb16px\u00bb header_font=\u00bbRoboto|700|||||||\u00bb header_font_size=\u00bb43px\u00bb custom_margin=\u00bb100px||||false|false\u00bb]<\/p>\n<h1 class=\"p1\"><span class=\"s1\">Valores<\/span><\/h1>\n<p class=\"p1\"><span class=\"s1\">Creemos en la excelencia empresarial en un entorno de trabajo resolutivo, colaborativo y responsable. <\/span><\/p>\n<p class=\"p1\"><span class=\"s1\">El \u00e9xito com\u00fan nos lleva al \u00e9xito personal y confiamos en el compromiso <\/span><span class=\"s1\">mutuo.<\/span><\/p>\n<p>[\/et_pb_text][\/et_pb_column][\/et_pb_row][\/et_pb_section][et_pb_section fb_built=\u00bb1&#8243; module_id=\u00bbVerticales\u00bb _builder_version=\u00bb4.9.10&#8243; _module_preset=\u00bbdefault\u00bb background_color=\u00bbRGBA(0,0,0,0)\u00bb custom_margin=\u00bb0px|||||\u00bb custom_padding=\u00bb47px|||||\u00bb][et_pb_row column_structure=\u00bb1_2,1_2&#8243; _builder_version=\u00bb4.9.10&#8243; _module_preset=\u00bbdefault\u00bb max_width=\u00bb823px\u00bb locked=\u00bboff\u00bb][et_pb_column type=\u00bb1_2&#8243; admin_label=\u00bbColumna\u00bb _builder_version=\u00bb4.9.10&#8243; _module_preset=\u00bbdefault\u00bb][et_pb_text admin_label=\u00bbTexto\u00bb _builder_version=\u00bb4.9.10&#8243; _module_preset=\u00bbdefault\u00bb text_font=\u00bbAdamina||||||||\u00bb header_font=\u00bbRoboto|700|||||||\u00bb header_font_size=\u00bb43px\u00bb custom_margin=\u00bb||5px||false|false\u00bb]<\/p>\n<h1>Verticales<\/h1>\n<p>[\/et_pb_text][et_pb_divider color=\u00bb#340ae5&#8243; divider_weight=\u00bb4px\u00bb _builder_version=\u00bb4.9.10&#8243; _module_preset=\u00bbdefault\u00bb max_width=\u00bb13%\u00bb][\/et_pb_divider][et_pb_text _builder_version=\u00bb4.9.10&#8243; _module_preset=\u00bbdefault\u00bb text_font=\u00bbRoboto||||||||\u00bb text_font_size=\u00bb24px\u00bb text_letter_spacing=\u00bb4px\u00bb text_line_height=\u00bb1.9em\u00bb header_font_size=\u00bb26px\u00bb custom_margin=\u00bb-31px||||false|false\u00bb custom_padding=\u00bb0px|||||\u00bb hover_enabled=\u00bb0&#8243; header_font=\u00bbRoboto||||||||\u00bb sticky_enabled=\u00bb0&#8243;]<\/p>\n<pre><span class=\"s1\"><\/span><\/pre>\n<h3><span class=\"s2\">\u00b7 Healthtech<\/span><\/h3>\n<h3><span class=\"s3\"><\/span><span class=\"s2\">\u00b7 Edutech<\/span><\/h3>\n<h3><span class=\"s3\"><\/span><span class=\"s2\">\u00b7 Fintech<\/span><\/h3>\n<h3><span class=\"s3\"><\/span><span class=\"s2\">\u00b7 Energy<\/span><\/h3>\n<h3><span class=\"s3\"><\/span><span class=\"s2\">\u00b7 Telecomunicaci\u00f3n<\/span><\/h3>\n<h3><span class=\"s3\"><\/span><span class=\"s2\">\u00b7 Market place<\/span><\/h3>\n<p>[\/et_pb_text][\/et_pb_column][et_pb_column type=\u00bb1_2&#8243; admin_label=\u00bbColumna\u00bb _builder_version=\u00bb4.9.10&#8243; _module_preset=\u00bbdefault\u00bb][et_pb_text admin_label=\u00bbTexto\u00bb _builder_version=\u00bb4.9.10&#8243; _module_preset=\u00bbdefault\u00bb text_font=\u00bbAbhaya Libre||||||||\u00bb header_font=\u00bbRoboto|700|||||||\u00bb header_font_size=\u00bb43px\u00bb custom_margin=\u00bb||6px||false|false\u00bb]<\/p>\n<h1>Qu\u00e9 buscamos<\/h1>\n<p>[\/et_pb_text][et_pb_divider color=\u00bb#340ae5&#8243; divider_weight=\u00bb4px\u00bb _builder_version=\u00bb4.9.10&#8243; _module_preset=\u00bbdefault\u00bb max_width=\u00bb13%\u00bb][\/et_pb_divider][et_pb_text _builder_version=\u00bb4.9.10&#8243; _module_preset=\u00bbdefault\u00bb text_font=\u00bbRoboto||||||||\u00bb text_font_size=\u00bb24px\u00bb text_letter_spacing=\u00bb4px\u00bb text_line_height=\u00bb1.9em\u00bb header_font_size=\u00bb26px\u00bb custom_margin=\u00bb-32px||||false|false\u00bb]<\/p>\n<pre><span class=\"s1\"><\/span><\/pre>\n<h3><span class=\"s2\">\u00b7 Fase pre-seed y seed<\/span><\/h3>\n<h3><span class=\"s3\"><\/span><span class=\"s2\">\u00b7 Rentabilidad<\/span><\/h3>\n<h3><span class=\"s3\"><\/span><span class=\"s2\">\u00b7 Impacto<\/span><\/h3>\n<h3><span class=\"s3\"><\/span><span class=\"s2\">\u00b7 Escalabilidad<\/span><\/h3>\n<h3><span class=\"s3\"><\/span><span class=\"s2\">\u00b7 Potencial<\/span><\/h3>\n<h3><span class=\"s3\"><\/span><span class=\"s2\">\u00b7 Equipos s\u00f3lidos<\/span><\/h3>\n<p>[\/et_pb_text][\/et_pb_column][\/et_pb_row][\/et_pb_section][et_pb_section fb_built=\u00bb1&#8243; custom_padding_last_edited=\u00bbon|desktop\u00bb admin_label=\u00bbCall to action\u00bb _builder_version=\u00bb4.9.10&#8243; use_background_color_gradient=\u00bbon\u00bb background_color_gradient_start=\u00bb#340ae5&#8243; background_color_gradient_end=\u00bb#6852ef\u00bb background_color_gradient_direction=\u00bb130deg\u00bb background_color_gradient_start_position=\u00bb25%\u00bb background_image=\u00bbhttp:\/\/breathandgrowth.com\/wp-content\/uploads\/2021\/07\/PatternFondo.png\u00bb parallax=\u00bbon\u00bb custom_padding=\u00bb16vw||7vw||false|false\u00bb custom_padding_tablet=\u00bb100px||100px||true\u00bb custom_padding_phone=\u00bb||||true\u00bb top_divider_style=\u00bbramp2&#8243; top_divider_color=\u00bb#f2f2ff\u00bb top_divider_height=\u00bb257px\u00bb top_divider_repeat=\u00bb1x\u00bb top_divider_flip=\u00bbvertical\u00bb top_divider_height_tablet=\u00bb150px\u00bb top_divider_height_phone=\u00bb110px\u00bb top_divider_height_last_edited=\u00bbon|phone\u00bb saved_tabs=\u00bball\u00bb][et_pb_row module_class=\u00bb et_pb_row_fullwidth\u00bb _builder_version=\u00bb3.25&#8243; width=\u00bb89%\u00bb width_tablet=\u00bb80%\u00bb width_phone=\u00bb\u00bb width_last_edited=\u00bbon|desktop\u00bb max_width=\u00bb89%\u00bb max_width_tablet=\u00bb80%\u00bb max_width_phone=\u00bb\u00bb max_width_last_edited=\u00bbon|desktop\u00bb custom_margin_phone=\u00bb|||\u00bb custom_margin_last_edited=\u00bboff|desktop\u00bb custom_padding=\u00bb|||\u00bb make_fullwidth=\u00bbon\u00bb][et_pb_column type=\u00bb4_4&#8243; _builder_version=\u00bb3.25&#8243; custom_padding=\u00bb|||\u00bb custom_padding__hover=\u00bb|||\u00bb][et_pb_button button_url=\u00bb@ET-DC@eyJkeW5hbWljIjp0cnVlLCJjb250ZW50IjoiaG9tZV91cmwiLCJzZXR0aW5ncyI6e319@\u00bb button_text=\u00bbVolver\u00bb button_alignment=\u00bbcenter\u00bb _builder_version=\u00bb4.9.10&#8243; _dynamic_attributes=\u00bbbutton_url\u00bb custom_button=\u00bbon\u00bb button_text_size=\u00bb14px\u00bb button_bg_use_color_gradient=\u00bbon\u00bb button_bg_color_gradient_start=\u00bb#f92c8b\u00bb button_bg_color_gradient_end=\u00bb#b02cd6&#8243; button_bg_color_gradient_direction=\u00bb90deg\u00bb button_border_width=\u00bb0px\u00bb button_border_color=\u00bbrgba(0,0,0,0)\u00bb button_border_radius=\u00bb4px\u00bb button_letter_spacing=\u00bb5px\u00bb button_font=\u00bbRoboto|700||on|||||\u00bb button_icon=\u00bb%%19%%\u00bb button_icon_placement=\u00bbleft\u00bb button_on_hover=\u00bboff\u00bb background_layout=\u00bbdark\u00bb custom_margin=\u00bb|||\u00bb custom_padding=\u00bb18px|34px|18px|34px|true|true\u00bb box_shadow_style=\u00bbpreset3&#8243; box_shadow_vertical=\u00bb20px\u00bb box_shadow_blur=\u00bb30px\u00bb box_shadow_spread=\u00bb-10px\u00bb box_shadow_color=\u00bbrgba(249,44,139,0.4)\u00bb button_letter_spacing_hover=\u00bb5.5px\u00bb button_text_size__hover_enabled=\u00bboff\u00bb button_one_text_size__hover_enabled=\u00bboff\u00bb button_two_text_size__hover_enabled=\u00bboff\u00bb button_text_color__hover_enabled=\u00bboff\u00bb button_one_text_color__hover_enabled=\u00bboff\u00bb button_two_text_color__hover_enabled=\u00bboff\u00bb button_border_width__hover_enabled=\u00bboff\u00bb button_one_border_width__hover_enabled=\u00bboff\u00bb button_two_border_width__hover_enabled=\u00bboff\u00bb button_border_color__hover_enabled=\u00bboff\u00bb button_one_border_color__hover_enabled=\u00bboff\u00bb button_two_border_color__hover_enabled=\u00bboff\u00bb button_border_radius__hover_enabled=\u00bboff\u00bb button_one_border_radius__hover_enabled=\u00bboff\u00bb button_two_border_radius__hover_enabled=\u00bboff\u00bb button_letter_spacing__hover_enabled=\u00bbon\u00bb button_letter_spacing__hover=\u00bb5.5px\u00bb button_one_letter_spacing__hover_enabled=\u00bboff\u00bb button_two_letter_spacing__hover_enabled=\u00bboff\u00bb button_bg_color__hover_enabled=\u00bboff\u00bb button_one_bg_color__hover_enabled=\u00bboff\u00bb button_two_bg_color__hover_enabled=\u00bboff\u00bb][\/et_pb_button][\/et_pb_column][\/et_pb_row][\/et_pb_section]<\/p>\n","protected":false},"excerpt":{"rendered":"<p>Los tres pilares de B&amp;G Situaci\u00f3n empresarial con la\u00a0 creaci\u00f3n\u00a0 y\u00a0 crecimiento\u00a0de startups. El mundo no para de cambiar y en medio de un mundo con grandes multinacionales, nacen peque\u00f1as empresas con grandes retos. Creemos firmemente que podemos contribuir en ellas. Hay oportunidades empresariales y\u00a0 de mercado y pensamos que es buen momento para construir [&hellip;]<\/p>\n","protected":false},"author":2,"featured_media":0,"parent":0,"menu_order":0,"comment_status":"closed","ping_status":"closed","template":"","meta":{"_et_pb_use_builder":"on","_et_pb_old_content":"","_et_gb_content_width":""},"_links":{"self":[{"href":"https:\/\/breathandgrowth.com\/index.php\/wp-json\/wp\/v2\/pages\/68"}],"collection":[{"href":"https:\/\/breathandgrowth.com\/index.php\/wp-json\/wp\/v2\/pages"}],"about":[{"href":"https:\/\/breathandgrowth.com\/index.php\/wp-json\/wp\/v2\/types\/page"}],"author":[{"embeddable":true,"href":"https:\/\/breathandgrowth.com\/index.php\/wp-json\/wp\/v2\/users\/2"}],"replies":[{"embeddable":true,"href":"https:\/\/breathandgrowth.com\/index.php\/wp-json\/wp\/v2\/comments?post=68"}],"version-history":[{"count":25,"href":"https:\/\/breathandgrowth.com\/index.php\/wp-json\/wp\/v2\/pages\/68\/revisions"}],"predecessor-version":[{"id":167,"href":"https:\/\/breathandgrowth.com\/index.php\/wp-json\/wp\/v2\/pages\/68\/revisions\/167"}],"wp:attachment":[{"href":"https:\/\/breathandgrowth.com\/index.php\/wp-json\/wp\/v2\/media?parent=68"}],"curies":[{"name":"wp","href":"https:\/\/api.w.org\/{rel}","templated":true}]}}